{"id":39719,"date":"2022-05-30T08:52:21","date_gmt":"2022-05-30T08:52:21","guid":{"rendered":"https:\/\/www.vivati.bg\/?post_type=product&#038;p=39719"},"modified":"2025-05-28T12:19:31","modified_gmt":"2025-05-28T12:19:31","slug":"notebook-monocle-by-leuchtturm-1917","status":"publish","type":"product","link":"https:\/\/vivati.bg\/en\/produkt\/notebook-monocle-by-leuchtturm-1917\/","title":{"rendered":"Notebook Monocle by LEUCHTTURM 1917"},"content":{"rendered":"<div class=\"wpb-content-wrapper\"><p>[vc_row content_placement=&#8221;top&#8221;][vc_column width=&#8221;1\/2&#8243;][vc_gallery interval=&#8221;3&#8243; images=&#8221;70647,70617,70615,70613,70611,70643,70645&#8243; img_size=&#8221;full&#8221; el_class=&#8221;&#8221; title=&#8221;\u0413\u0430\u043b\u0435\u0440\u0438\u044f&#8221;][\/vc_column][vc_column width=&#8221;1\/2&#8243;][vc_column_text]<\/p>\n<p class=\"title attr-name\">Notebook Monocle by LEUCHTTURM 1917<\/p>\n<div class=\"col-md-12 no-space\">\n<p data-start=\"0\" data-end=\"345\">The MONOCLE notebook by LEUCHTTURM1917 combines individual design with inspiring ideas, making it the perfect choice for those who value aesthetics and thoughtful living. Bound in a premium linen cover, available in a carefully curated range of colours, it features an exclusive gold-embossed MONOCLE logo that adds a refined touch of elegance.<\/p>\n<p data-start=\"347\" data-end=\"765\">Inside, the notebook includes the MONOCLE Guide \u2013 \u201c20 Ideas for Living a Quieter, More Considered Life\u201d \u2013 offering meaningful reflections and inspiration. With a blank table of contents for easy personal organisation, the notebook is available in two versions: a hardcover with 181 numbered pages and a softcover with 117 numbered pages. Both versions feature dotted ruling, ideal for writing, planning, and sketching.<\/p>\n<p data-start=\"767\" data-end=\"1202\">Additional details include a gusseted pocket for storing small papers, two page markers for convenient navigation, and a monochrome elastic band closure that adds both function and minimalist style. The thread-bound spine allows the notebook to open completely flat, ensuring maximum writing comfort. Made from 80 g\/m\u00b2 acid-free paper in a soft chamois tone, the pages are gentle on the eyes and enhance the overall writing experience.<\/p>\n<p data-start=\"767\" data-end=\"1202\">Available formats include B6+ (125 \u00d7 190 mm), B5 (178 \u00d7 254 mm), and A6 (90 \u00d7 150 mm), offering flexibility for every lifestyle and purpose.<\/p>\n<p>&nbsp;<\/p>\n<\/div>\n<p style=\"text-align: left;\">Item number: 722167<\/p>\n<p>[\/vc_column_text][\/vc_column][\/vc_row][vc_row][vc_column][vc_column_text]<\/p>\n<p>[\/vc_column_text][\/vc_column][\/vc_row]<\/p>\n<\/div>","protected":false},"excerpt":{"rendered":"<p>[vc_row content_placement=&#8221;top&#8221;][vc_column width=&#8221;1\/2&#8243;][vc_gallery interval=&#8221;3&#8243; images=&#8221;70647,70617,70615,70613,70611,70643,70645&#8243; img_size=&#8221;full&#8221; el_class=&#8221;&#8221; title=&#8221;\u0413\u0430\u043b\u0435\u0440\u0438\u044f&#8221;][\/vc_column][vc_column width=&#8221;1\/2&#8243;][vc_column_text] Notebook Monocle by LEUCHTTURM 1917 The MONOCLE notebook by LEUCHTTURM1917 combines individual design with inspiring ideas, making it the perfect choice for those who value aesthetics and thoughtful living. Bound in a premium linen cover, available in a carefully curated range of colours, it features an [&hellip;]<\/p>\n","protected":false},"featured_media":70649,"comment_status":"closed","ping_status":"closed","template":"","meta":[],"product_brand":[],"product_cat":[122,114],"product_tag":[],"class_list":{"0":"post-39719","1":"product","2":"type-product","3":"status-publish","4":"has-post-thumbnail","6":"product_cat-swiss-peak-en","7":"product_cat-notebooks","9":"first","10":"instock","11":"shipping-taxable","12":"product-type-simple"},"yoast_head":"<!-- This site is optimized with the Yoast SEO plugin v25.0 - https:\/\/yoast.com\/wordpress\/plugins\/seo\/ -->\n<title>Notebook Monocle by LEUCHTTURM 1917 \u0422\u0435\u0444\u0442\u0435\u0440\u0438 Vivati<\/title>\n<meta name=\"description\" content=\"Notebook Monocle by LEUCHTTURM 1917 a hardcover with 181 numbered pages and a softcover with 117 numbered pages B6+ (125 \u00d7 190 mm), B5\" \/>\n<meta name=\"robots\" content=\"index, follow, max-snippet:-1, max-image-preview:large, max-video-preview:-1\" \/>\n<link rel=\"canonical\" href=\"https:\/\/vivati.bg\/en\/produkt\/notebook-monocle-by-leuchtturm-1917\/\" \/>\n<meta property=\"og:locale\" content=\"en_US\" \/>\n<meta property=\"og:type\" content=\"article\" \/>\n<meta property=\"og:title\" content=\"Notebook Monocle by LEUCHTTURM 1917 \u0422\u0435\u0444\u0442\u0435\u0440\u0438 Vivati\" \/>\n<meta property=\"og:description\" content=\"Notebook Monocle by LEUCHTTURM 1917 a hardcover with 181 numbered pages and a softcover with 117 numbered pages B6+ (125 \u00d7 190 mm), B5\" \/>\n<meta property=\"og:url\" content=\"https:\/\/vivati.bg\/en\/produkt\/notebook-monocle-by-leuchtturm-1917\/\" \/>\n<meta property=\"og:site_name\" content=\"Vivati\" \/>\n<meta property=\"article:modified_time\" content=\"2025-05-28T12:19:31+00:00\" \/>\n<meta property=\"og:image\" content=\"https:\/\/vivati.bg\/wp-content\/uploads\/2022\/05\/notebook-b5-monocle-hardcover-192-numbered-pages-olive-dotted-1.jpg\" \/>\n\t<meta property=\"og:image:width\" content=\"2080\" \/>\n\t<meta property=\"og:image:height\" content=\"2322\" \/>\n\t<meta property=\"og:image:type\" content=\"image\/jpeg\" \/>\n<meta name=\"twitter:card\" content=\"summary_large_image\" \/>\n<meta name=\"twitter:label1\" content=\"Est. reading time\" \/>\n\t<meta name=\"twitter:data1\" content=\"3 minutes\" \/>\n<script type=\"application\/ld+json\" class=\"yoast-schema-graph\">{\"@context\":\"https:\/\/schema.org\",\"@graph\":[{\"@type\":\"WebPage\",\"@id\":\"https:\/\/vivati.bg\/en\/produkt\/notebook-monocle-by-leuchtturm-1917\/\",\"url\":\"https:\/\/vivati.bg\/en\/produkt\/notebook-monocle-by-leuchtturm-1917\/\",\"name\":\"Notebook Monocle by LEUCHTTURM 1917 \u0422\u0435\u0444\u0442\u0435\u0440\u0438 Vivati\",\"isPartOf\":{\"@id\":\"https:\/\/vivati.bg\/#website\"},\"primaryImageOfPage\":{\"@id\":\"https:\/\/vivati.bg\/en\/produkt\/notebook-monocle-by-leuchtturm-1917\/#primaryimage\"},\"image\":{\"@id\":\"https:\/\/vivati.bg\/en\/produkt\/notebook-monocle-by-leuchtturm-1917\/#primaryimage\"},\"thumbnailUrl\":\"https:\/\/vivati.bg\/wp-content\/uploads\/2022\/05\/notebook-b5-monocle-hardcover-192-numbered-pages-olive-dotted-1.jpg\",\"datePublished\":\"2022-05-30T08:52:21+00:00\",\"dateModified\":\"2025-05-28T12:19:31+00:00\",\"description\":\"Notebook Monocle by LEUCHTTURM 1917 a hardcover with 181 numbered pages and a softcover with 117 numbered pages B6+ (125 \u00d7 190 mm), B5\",\"breadcrumb\":{\"@id\":\"https:\/\/vivati.bg\/en\/produkt\/notebook-monocle-by-leuchtturm-1917\/#breadcrumb\"},\"inLanguage\":\"en-US\",\"potentialAction\":[{\"@type\":\"ReadAction\",\"target\":[\"https:\/\/vivati.bg\/en\/produkt\/notebook-monocle-by-leuchtturm-1917\/\"]}]},{\"@type\":\"ImageObject\",\"inLanguage\":\"en-US\",\"@id\":\"https:\/\/vivati.bg\/en\/produkt\/notebook-monocle-by-leuchtturm-1917\/#primaryimage\",\"url\":\"https:\/\/vivati.bg\/wp-content\/uploads\/2022\/05\/notebook-b5-monocle-hardcover-192-numbered-pages-olive-dotted-1.jpg\",\"contentUrl\":\"https:\/\/vivati.bg\/wp-content\/uploads\/2022\/05\/notebook-b5-monocle-hardcover-192-numbered-pages-olive-dotted-1.jpg\",\"width\":2080,\"height\":2322,\"caption\":\"Leuchtturm1917 \u0422\u0435\u0444\u0442\u0435\u0440 Monocle \u0441 \u043b\u0435\u043d\u0435\u043d\u0438 \u043a\u043e\u0440\u0438\u0446\u0438 \u0438 \u0435\u043a\u0441\u043a\u043b\u0443\u0437\u0438\u0432\u043d\u043e \u0441\u044a\u0434\u044a\u0440\u0436\u0430\u043d\u0438\u0435 \u2013 \u0441\u0442\u0438\u043b, \u0432\u0434\u044a\u0445\u043d\u043e\u0432\u0435\u043d\u0438\u0435 \u0438 \u043e\u0441\u044a\u0437\u043d\u0430\u0442 \u0436\u0438\u0432\u043e\u0442 \u0432 \u0435\u0434\u0438\u043d \u043b\u0443\u043a\u0441\u043e\u0437\u0435\u043d \u0431\u0435\u043b\u0435\u0436\u043d\u0438\u043a.\"},{\"@type\":\"BreadcrumbList\",\"@id\":\"https:\/\/vivati.bg\/en\/produkt\/notebook-monocle-by-leuchtturm-1917\/#breadcrumb\",\"itemListElement\":[{\"@type\":\"ListItem\",\"position\":1,\"name\":\"\u041d\u0430\u0447\u0430\u043b\u043e\",\"item\":\"https:\/\/vivati.bg\/en\/home-page\/\"},{\"@type\":\"ListItem\",\"position\":2,\"name\":\"Products\",\"item\":\"https:\/\/vivati.bg\/products\/\"},{\"@type\":\"ListItem\",\"position\":3,\"name\":\"Notebook Monocle by LEUCHTTURM 1917\"}]},{\"@type\":\"WebSite\",\"@id\":\"https:\/\/vivati.bg\/#website\",\"url\":\"https:\/\/vivati.bg\/\",\"name\":\"\u0412\u0438\u0432\u0430\u0442\u0438\",\"description\":\"\",\"publisher\":{\"@id\":\"https:\/\/vivati.bg\/#organization\"},\"potentialAction\":[{\"@type\":\"SearchAction\",\"target\":{\"@type\":\"EntryPoint\",\"urlTemplate\":\"https:\/\/vivati.bg\/?s={search_term_string}\"},\"query-input\":{\"@type\":\"PropertyValueSpecification\",\"valueRequired\":true,\"valueName\":\"search_term_string\"}}],\"inLanguage\":\"en-US\"},{\"@type\":\"Organization\",\"@id\":\"https:\/\/vivati.bg\/#organization\",\"name\":\"\u0412\u0438\u0432\u0430\u0442\u0438\",\"url\":\"https:\/\/vivati.bg\/\",\"logo\":{\"@type\":\"ImageObject\",\"inLanguage\":\"en-US\",\"@id\":\"https:\/\/vivati.bg\/#\/schema\/logo\/image\/\",\"url\":\"https:\/\/vivati.bg\/wp-content\/uploads\/2024\/02\/Vivati.png\",\"contentUrl\":\"https:\/\/vivati.bg\/wp-content\/uploads\/2024\/02\/Vivati.png\",\"width\":2297,\"height\":905,\"caption\":\"\u0412\u0438\u0432\u0430\u0442\u0438\"},\"image\":{\"@id\":\"https:\/\/vivati.bg\/#\/schema\/logo\/image\/\"}}]}<\/script>\n<!-- \/ Yoast SEO plugin. -->","yoast_head_json":{"title":"Notebook Monocle by LEUCHTTURM 1917 \u0422\u0435\u0444\u0442\u0435\u0440\u0438 Vivati","description":"Notebook Monocle by LEUCHTTURM 1917 a hardcover with 181 numbered pages and a softcover with 117 numbered pages B6+ (125 \u00d7 190 mm), B5","robots":{"index":"index","follow":"follow","max-snippet":"max-snippet:-1","max-image-preview":"max-image-preview:large","max-video-preview":"max-video-preview:-1"},"canonical":"https:\/\/vivati.bg\/en\/produkt\/notebook-monocle-by-leuchtturm-1917\/","og_locale":"en_US","og_type":"article","og_title":"Notebook Monocle by LEUCHTTURM 1917 \u0422\u0435\u0444\u0442\u0435\u0440\u0438 Vivati","og_description":"Notebook Monocle by LEUCHTTURM 1917 a hardcover with 181 numbered pages and a softcover with 117 numbered pages B6+ (125 \u00d7 190 mm), B5","og_url":"https:\/\/vivati.bg\/en\/produkt\/notebook-monocle-by-leuchtturm-1917\/","og_site_name":"Vivati","article_modified_time":"2025-05-28T12:19:31+00:00","og_image":[{"width":2080,"height":2322,"url":"https:\/\/vivati.bg\/wp-content\/uploads\/2022\/05\/notebook-b5-monocle-hardcover-192-numbered-pages-olive-dotted-1.jpg","type":"image\/jpeg"}],"twitter_card":"summary_large_image","twitter_misc":{"Est. reading time":"3 minutes"},"schema":{"@context":"https:\/\/schema.org","@graph":[{"@type":"WebPage","@id":"https:\/\/vivati.bg\/en\/produkt\/notebook-monocle-by-leuchtturm-1917\/","url":"https:\/\/vivati.bg\/en\/produkt\/notebook-monocle-by-leuchtturm-1917\/","name":"Notebook Monocle by LEUCHTTURM 1917 \u0422\u0435\u0444\u0442\u0435\u0440\u0438 Vivati","isPartOf":{"@id":"https:\/\/vivati.bg\/#website"},"primaryImageOfPage":{"@id":"https:\/\/vivati.bg\/en\/produkt\/notebook-monocle-by-leuchtturm-1917\/#primaryimage"},"image":{"@id":"https:\/\/vivati.bg\/en\/produkt\/notebook-monocle-by-leuchtturm-1917\/#primaryimage"},"thumbnailUrl":"https:\/\/vivati.bg\/wp-content\/uploads\/2022\/05\/notebook-b5-monocle-hardcover-192-numbered-pages-olive-dotted-1.jpg","datePublished":"2022-05-30T08:52:21+00:00","dateModified":"2025-05-28T12:19:31+00:00","description":"Notebook Monocle by LEUCHTTURM 1917 a hardcover with 181 numbered pages and a softcover with 117 numbered pages B6+ (125 \u00d7 190 mm), B5","breadcrumb":{"@id":"https:\/\/vivati.bg\/en\/produkt\/notebook-monocle-by-leuchtturm-1917\/#breadcrumb"},"inLanguage":"en-US","potentialAction":[{"@type":"ReadAction","target":["https:\/\/vivati.bg\/en\/produkt\/notebook-monocle-by-leuchtturm-1917\/"]}]},{"@type":"ImageObject","inLanguage":"en-US","@id":"https:\/\/vivati.bg\/en\/produkt\/notebook-monocle-by-leuchtturm-1917\/#primaryimage","url":"https:\/\/vivati.bg\/wp-content\/uploads\/2022\/05\/notebook-b5-monocle-hardcover-192-numbered-pages-olive-dotted-1.jpg","contentUrl":"https:\/\/vivati.bg\/wp-content\/uploads\/2022\/05\/notebook-b5-monocle-hardcover-192-numbered-pages-olive-dotted-1.jpg","width":2080,"height":2322,"caption":"Leuchtturm1917 \u0422\u0435\u0444\u0442\u0435\u0440 Monocle \u0441 \u043b\u0435\u043d\u0435\u043d\u0438 \u043a\u043e\u0440\u0438\u0446\u0438 \u0438 \u0435\u043a\u0441\u043a\u043b\u0443\u0437\u0438\u0432\u043d\u043e \u0441\u044a\u0434\u044a\u0440\u0436\u0430\u043d\u0438\u0435 \u2013 \u0441\u0442\u0438\u043b, \u0432\u0434\u044a\u0445\u043d\u043e\u0432\u0435\u043d\u0438\u0435 \u0438 \u043e\u0441\u044a\u0437\u043d\u0430\u0442 \u0436\u0438\u0432\u043e\u0442 \u0432 \u0435\u0434\u0438\u043d \u043b\u0443\u043a\u0441\u043e\u0437\u0435\u043d \u0431\u0435\u043b\u0435\u0436\u043d\u0438\u043a."},{"@type":"BreadcrumbList","@id":"https:\/\/vivati.bg\/en\/produkt\/notebook-monocle-by-leuchtturm-1917\/#breadcrumb","itemListElement":[{"@type":"ListItem","position":1,"name":"\u041d\u0430\u0447\u0430\u043b\u043e","item":"https:\/\/vivati.bg\/en\/home-page\/"},{"@type":"ListItem","position":2,"name":"Products","item":"https:\/\/vivati.bg\/products\/"},{"@type":"ListItem","position":3,"name":"Notebook Monocle by LEUCHTTURM 1917"}]},{"@type":"WebSite","@id":"https:\/\/vivati.bg\/#website","url":"https:\/\/vivati.bg\/","name":"\u0412\u0438\u0432\u0430\u0442\u0438","description":"","publisher":{"@id":"https:\/\/vivati.bg\/#organization"},"potentialAction":[{"@type":"SearchAction","target":{"@type":"EntryPoint","urlTemplate":"https:\/\/vivati.bg\/?s={search_term_string}"},"query-input":{"@type":"PropertyValueSpecification","valueRequired":true,"valueName":"search_term_string"}}],"inLanguage":"en-US"},{"@type":"Organization","@id":"https:\/\/vivati.bg\/#organization","name":"\u0412\u0438\u0432\u0430\u0442\u0438","url":"https:\/\/vivati.bg\/","logo":{"@type":"ImageObject","inLanguage":"en-US","@id":"https:\/\/vivati.bg\/#\/schema\/logo\/image\/","url":"https:\/\/vivati.bg\/wp-content\/uploads\/2024\/02\/Vivati.png","contentUrl":"https:\/\/vivati.bg\/wp-content\/uploads\/2024\/02\/Vivati.png","width":2297,"height":905,"caption":"\u0412\u0438\u0432\u0430\u0442\u0438"},"image":{"@id":"https:\/\/vivati.bg\/#\/schema\/logo\/image\/"}}]}},"_links":{"self":[{"href":"https:\/\/vivati.bg\/en\/wp-json\/wp\/v2\/product\/39719","targetHints":{"allow":["GET"]}}],"collection":[{"href":"https:\/\/vivati.bg\/en\/wp-json\/wp\/v2\/product"}],"about":[{"href":"https:\/\/vivati.bg\/en\/wp-json\/wp\/v2\/types\/product"}],"replies":[{"embeddable":true,"href":"https:\/\/vivati.bg\/en\/wp-json\/wp\/v2\/comments?post=39719"}],"wp:featuredmedia":[{"embeddable":true,"href":"https:\/\/vivati.bg\/en\/wp-json\/wp\/v2\/media\/70649"}],"wp:attachment":[{"href":"https:\/\/vivati.bg\/en\/wp-json\/wp\/v2\/media?parent=39719"}],"wp:term":[{"taxonomy":"product_brand","embeddable":true,"href":"https:\/\/vivati.bg\/en\/wp-json\/wp\/v2\/product_brand?post=39719"},{"taxonomy":"product_cat","embeddable":true,"href":"https:\/\/vivati.bg\/en\/wp-json\/wp\/v2\/product_cat?post=39719"},{"taxonomy":"product_tag","embeddable":true,"href":"https:\/\/vivati.bg\/en\/wp-json\/wp\/v2\/product_tag?post=39719"}],"curies":[{"name":"wp","href":"https:\/\/api.w.org\/{rel}","templated":true}]}}